{"id":713,"date":"2022-05-23T14:01:00","date_gmt":"2022-05-23T12:01:00","guid":{"rendered":"https:\/\/rossana-nutrition.com\/method\/"},"modified":"2022-05-31T08:48:03","modified_gmt":"2022-05-31T06:48:03","slug":"method","status":"publish","type":"page","link":"https:\/\/rossana-nutrition.com\/en\/method\/","title":{"rendered":"Method"},"content":{"rendered":"\t\t<div data-elementor-type=\"wp-page\" data-elementor-id=\"713\" class=\"elementor elementor-713 elementor-217\" data-elementor-post-type=\"page\">\n\t\t\t\t\t\t<section class=\"elementor-section elementor-top-section elementor-element elementor-element-abb12c5 elementor-section-height-min-height elementor-section-boxed elementor-section-height-default elementor-section-items-middle\" data-id=\"abb12c5\" data-element_type=\"section\" data-e-type=\"section\" data-settings=\"{&quot;background_background&quot;:&quot;classic&quot;}\">\n\t\t\t\t\t\t\t<div class=\"elementor-background-overlay\"><\/div>\n\t\t\t\t\t\t\t<div class=\"elementor-container elementor-column-gap-default\">\n\t\t\t\t\t<div class=\"elementor-column elementor-col-50 elementor-top-column elementor-element elementor-element-256fbc1\" data-id=\"256fbc1\" data-element_type=\"column\" data-e-type=\"column\" data-settings=\"{&quot;background_background&quot;:&quot;classic&quot;}\">\n\t\t\t<div class=\"elementor-widget-wrap elementor-element-populated\">\n\t\t\t\t\t\t<div class=\"elementor-element elementor-element-f0361ef elementor-widget elementor-widget-heading\" data-id=\"f0361ef\" data-element_type=\"widget\" data-e-type=\"widget\" data-widget_type=\"heading.default\">\n\t\t\t\t<div class=\"elementor-widget-container\">\n\t\t\t\t\t<div class=\"elementor-heading-title elementor-size-default\">Method<\/div>\t\t\t\t<\/div>\n\t\t\t\t<\/div>\n\t\t\t\t<div class=\"elementor-element elementor-element-40c2394 elementor-widget elementor-widget-text-editor\" data-id=\"40c2394\" data-element_type=\"widget\" data-e-type=\"widget\" data-widget_type=\"text-editor.default\">\n\t\t\t\t<div class=\"elementor-widget-container\">\n\t\t\t\t\t\t\t\t\t<p>I will help you to achieve your goals (body weight and health-related) through a healthy diet and flexible habits without frustration.<\/p>\t\t\t\t\t\t\t\t<\/div>\n\t\t\t\t<\/div>\n\t\t\t\t\t<\/div>\n\t\t<\/div>\n\t\t\t\t<div class=\"elementor-column elementor-col-50 elementor-top-column elementor-element elementor-element-b1aa351 elementor-hidden-phone\" data-id=\"b1aa351\" data-element_type=\"column\" data-e-type=\"column\" data-settings=\"{&quot;background_background&quot;:&quot;classic&quot;}\">\n\t\t\t<div class=\"elementor-widget-wrap elementor-element-populated\">\n\t\t\t\t\t\t<div class=\"elementor-element elementor-element-52f6746 elementor-widget elementor-widget-image\" data-id=\"52f6746\" data-element_type=\"widget\" data-e-type=\"widget\" data-widget_type=\"image.default\">\n\t\t\t\t<div class=\"elementor-widget-container\">\n\t\t\t\t\t\t\t\t\t\t\t\t\t\t\t<img fetchpriority=\"high\" decoding=\"async\" width=\"519\" height=\"697\" src=\"https:\/\/rossana-nutrition.com\/wp-content\/uploads\/2021\/08\/rossana-diet.jpg\" class=\"attachment-large size-large wp-image-623\" alt=\"\" srcset=\"https:\/\/rossana-nutrition.com\/wp-content\/uploads\/2021\/08\/rossana-diet.jpg 519w, https:\/\/rossana-nutrition.com\/wp-content\/uploads\/2021\/08\/rossana-diet-223x300.jpg 223w\" sizes=\"(max-width: 519px) 100vw, 519px\" \/>\t\t\t\t\t\t\t\t\t\t\t\t\t\t\t<\/div>\n\t\t\t\t<\/div>\n\t\t\t\t\t<\/div>\n\t\t<\/div>\n\t\t\t\t\t<\/div>\n\t\t<\/section>\n\t\t\t\t<section class=\"elementor-section elementor-top-section elementor-element elementor-element-4fccd2c elementor-section-boxed elementor-section-height-default elementor-section-height-default\" data-id=\"4fccd2c\" data-element_type=\"section\" data-e-type=\"section\">\n\t\t\t\t\t\t<div class=\"elementor-container elementor-column-gap-default\">\n\t\t\t\t\t<div class=\"elementor-column elementor-col-100 elementor-top-column elementor-element elementor-element-e9b9d8a\" data-id=\"e9b9d8a\" data-element_type=\"column\" data-e-type=\"column\">\n\t\t\t<div class=\"elementor-widget-wrap elementor-element-populated\">\n\t\t\t\t\t\t<div class=\"elementor-element elementor-element-96a60c6 elementor-widget elementor-widget-heading\" data-id=\"96a60c6\" data-element_type=\"widget\" data-e-type=\"widget\" data-widget_type=\"heading.default\">\n\t\t\t\t<div class=\"elementor-widget-container\">\n\t\t\t\t\t<h2 class=\"elementor-heading-title elementor-size-default\">What is this about?<\/h2>\t\t\t\t<\/div>\n\t\t\t\t<\/div>\n\t\t\t\t\t<\/div>\n\t\t<\/div>\n\t\t\t\t\t<\/div>\n\t\t<\/section>\n\t\t\t\t<section class=\"elementor-section elementor-top-section elementor-element elementor-element-9a59430 elementor-section-boxed elementor-section-height-default elementor-section-height-default\" data-id=\"9a59430\" data-element_type=\"section\" data-e-type=\"section\">\n\t\t\t\t\t\t<div class=\"elementor-container elementor-column-gap-default\">\n\t\t\t\t\t<div class=\"elementor-column elementor-col-33 elementor-top-column elementor-element elementor-element-72d1d4f\" data-id=\"72d1d4f\" data-element_type=\"column\" data-e-type=\"column\">\n\t\t\t<div class=\"elementor-widget-wrap elementor-element-populated\">\n\t\t\t\t\t\t<div class=\"elementor-element elementor-element-4830541 elementor-widget__width-auto elementor-view-default elementor-widget elementor-widget-icon\" data-id=\"4830541\" data-element_type=\"widget\" data-e-type=\"widget\" data-widget_type=\"icon.default\">\n\t\t\t\t<div class=\"elementor-widget-container\">\n\t\t\t\t\t\t\t<div class=\"elementor-icon-wrapper\">\n\t\t\t<div class=\"elementor-icon\">\n\t\t\t<i aria-hidden=\"true\" class=\"fas fa-utensils\"><\/i>\t\t\t<\/div>\n\t\t<\/div>\n\t\t\t\t\t\t<\/div>\n\t\t\t\t<\/div>\n\t\t\t\t<div class=\"elementor-element elementor-element-21d06e1 elementor-widget__width-auto elementor-widget elementor-widget-heading\" data-id=\"21d06e1\" data-element_type=\"widget\" data-e-type=\"widget\" data-widget_type=\"heading.default\">\n\t\t\t\t<div class=\"elementor-widget-container\">\n\t\t\t\t\t<h3 class=\"elementor-heading-title elementor-size-default\">My services<\/h3>\t\t\t\t<\/div>\n\t\t\t\t<\/div>\n\t\t\t\t<div class=\"elementor-element elementor-element-15a234c elementor-widget elementor-widget-text-editor\" data-id=\"15a234c\" data-element_type=\"widget\" data-e-type=\"widget\" data-widget_type=\"text-editor.default\">\n\t\t\t\t<div class=\"elementor-widget-container\">\n\t\t\t\t\t\t\t\t\t<p>Nutritional assessments, diet plans and personalised counselling willing to have a balanced nutrition. It is simple and practical, without restrictions and 100% natural (no need to take any medication or nutritional supplements).<\/p><p>It is simple and practical Without restrictions and 100% natural (no need to take any medication or nutritional supplements).<\/p><p>Sessions and diet plans available in English, French or Spanish.<\/p>\t\t\t\t\t\t\t\t<\/div>\n\t\t\t\t<\/div>\n\t\t\t\t\t<\/div>\n\t\t<\/div>\n\t\t\t\t<div class=\"elementor-column elementor-col-33 elementor-top-column elementor-element elementor-element-42f4326\" data-id=\"42f4326\" data-element_type=\"column\" data-e-type=\"column\">\n\t\t\t<div class=\"elementor-widget-wrap elementor-element-populated\">\n\t\t\t\t\t\t<div class=\"elementor-element elementor-element-022d865 elementor-widget__width-auto elementor-view-default elementor-widget elementor-widget-icon\" data-id=\"022d865\" data-element_type=\"widget\" data-e-type=\"widget\" data-widget_type=\"icon.default\">\n\t\t\t\t<div class=\"elementor-widget-container\">\n\t\t\t\t\t\t\t<div class=\"elementor-icon-wrapper\">\n\t\t\t<div class=\"elementor-icon\">\n\t\t\t<i aria-hidden=\"true\" class=\"fas fa-info\"><\/i>\t\t\t<\/div>\n\t\t<\/div>\n\t\t\t\t\t\t<\/div>\n\t\t\t\t<\/div>\n\t\t\t\t<div class=\"elementor-element elementor-element-9822357 elementor-widget__width-auto elementor-widget elementor-widget-heading\" data-id=\"9822357\" data-element_type=\"widget\" data-e-type=\"widget\" data-widget_type=\"heading.default\">\n\t\t\t\t<div class=\"elementor-widget-container\">\n\t\t\t\t\t<h3 class=\"elementor-heading-title elementor-size-default\">You may be interested<\/h3>\t\t\t\t<\/div>\n\t\t\t\t<\/div>\n\t\t\t\t<div class=\"elementor-element elementor-element-6a6e536 elementor-widget elementor-widget-text-editor\" data-id=\"6a6e536\" data-element_type=\"widget\" data-e-type=\"widget\" data-widget_type=\"text-editor.default\">\n\t\t\t\t<div class=\"elementor-widget-container\">\n\t\t\t\t\t\t\t\t\t<p>Even if you are in good health, you are willing to improve your nutritional habits and you plan to have a healthier lifestyle. <\/p><p>If you want to control your body weight (overweight, obesity, underweight or malnutrition) or to enhance your body composition: to gain muscle mass or lose body fat.<\/p><p><br>Si vous avez des probl\u00e8mes de sant\u00e9, des allergies ou intol\u00e9rances ou si vous suivez un r\u00e9gime sp\u00e9cial (sans gluten, v\u00e9g\u00e9tarien, de consistance modifi\u00e9e&#8230;)<\/p><p>If you think that your nutritional behaviour could be improved: binge eating, compulsions, appetite loss\u2026 <\/p>\t\t\t\t\t\t\t\t<\/div>\n\t\t\t\t<\/div>\n\t\t\t\t\t<\/div>\n\t\t<\/div>\n\t\t\t\t<div class=\"elementor-column elementor-col-33 elementor-top-column elementor-element elementor-element-383ef1f\" data-id=\"383ef1f\" data-element_type=\"column\" data-e-type=\"column\">\n\t\t\t<div class=\"elementor-widget-wrap elementor-element-populated\">\n\t\t\t\t\t\t<div class=\"elementor-element elementor-element-88cfed9 elementor-widget__width-auto elementor-view-default elementor-widget elementor-widget-icon\" data-id=\"88cfed9\" data-element_type=\"widget\" data-e-type=\"widget\" data-widget_type=\"icon.default\">\n\t\t\t\t<div class=\"elementor-widget-container\">\n\t\t\t\t\t\t\t<div class=\"elementor-icon-wrapper\">\n\t\t\t<div class=\"elementor-icon\">\n\t\t\t<i aria-hidden=\"true\" class=\"fas fa-walking\"><\/i>\t\t\t<\/div>\n\t\t<\/div>\n\t\t\t\t\t\t<\/div>\n\t\t\t\t<\/div>\n\t\t\t\t<div class=\"elementor-element elementor-element-319e694 elementor-widget__width-auto elementor-widget elementor-widget-heading\" data-id=\"319e694\" data-element_type=\"widget\" data-e-type=\"widget\" data-widget_type=\"heading.default\">\n\t\t\t\t<div class=\"elementor-widget-container\">\n\t\t\t\t\t<h3 class=\"elementor-heading-title elementor-size-default\">... Another step forward<\/h3>\t\t\t\t<\/div>\n\t\t\t\t<\/div>\n\t\t\t\t<div class=\"elementor-element elementor-element-400a589 elementor-widget elementor-widget-text-editor\" data-id=\"400a589\" data-element_type=\"widget\" data-e-type=\"widget\" data-widget_type=\"text-editor.default\">\n\t\t\t\t<div class=\"elementor-widget-container\">\n\t\t\t\t\t\t\t\t\t<p>At the office, the Bioelectrical Impedance Analysis (BIA), will allow me to evaluate your body composition: body fat, muscle mass, hydration, bone mineral\u2026 and estimate your metabolic rate and energy needs. <\/p>\t\t\t\t\t\t\t\t<\/div>\n\t\t\t\t<\/div>\n\t\t\t\t<div class=\"elementor-element elementor-element-b65b806 elementor-widget elementor-widget-image\" data-id=\"b65b806\" data-element_type=\"widget\" data-e-type=\"widget\" data-widget_type=\"image.default\">\n\t\t\t\t<div class=\"elementor-widget-container\">\n\t\t\t\t\t\t\t\t\t\t\t\t\t\t\t<img decoding=\"async\" width=\"388\" height=\"160\" src=\"https:\/\/rossana-nutrition.com\/wp-content\/uploads\/2021\/08\/bia.jpg\" class=\"attachment-large size-large wp-image-665\" alt=\"\" srcset=\"https:\/\/rossana-nutrition.com\/wp-content\/uploads\/2021\/08\/bia.jpg 388w, https:\/\/rossana-nutrition.com\/wp-content\/uploads\/2021\/08\/bia-300x124.jpg 300w\" sizes=\"(max-width: 388px) 100vw, 388px\" \/>\t\t\t\t\t\t\t\t\t\t\t\t\t\t\t<\/div>\n\t\t\t\t<\/div>\n\t\t\t\t\t<\/div>\n\t\t<\/div>\n\t\t\t\t\t<\/div>\n\t\t<\/section>\n\t\t\t\t<\/div>\n\t\t","protected":false},"excerpt":{"rendered":"<p>Method I will help you to achieve your goals (body weight and health-related) through a healthy diet and flexible habits without frustration. What is this about? My services Nutritional assessments, diet plans and personalised counselling willing to have a balanced nutrition. It is simple and practical, without restrictions and 100% natural (no need to take [&hellip;]<\/p>\n","protected":false},"author":1,"featured_media":0,"parent":0,"menu_order":0,"comment_status":"closed","ping_status":"closed","template":"","meta":{"footnotes":""},"class_list":["post-713","page","type-page","status-publish","hentry"],"yoast_head":"<!-- This site is optimized with the Yoast SEO plugin v27.5 - https:\/\/yoast.com\/product\/yoast-seo-wordpress\/ -->\n<title>Method and services of your dietitian in Annemasse<\/title>\n<meta name=\"description\" content=\"Rossana ne vous propose pas un r\u00e9gime mais un nouveau style de vie plus sain et facile \u00e0 mettre en place. Discover the method.\" \/>\n<meta name=\"robots\" content=\"index, follow, max-snippet:-1, max-image-preview:large, max-video-preview:-1\" \/>\n<link rel=\"canonical\" href=\"https:\/\/rossana-nutrition.com\/en\/method\/\" \/>\n<meta property=\"og:locale\" content=\"en_US\" \/>\n<meta property=\"og:type\" content=\"article\" \/>\n<meta property=\"og:title\" content=\"Method and services of your dietitian in Annemasse\" \/>\n<meta property=\"og:description\" content=\"Rossana ne vous propose pas un r\u00e9gime mais un nouveau style de vie plus sain et facile \u00e0 mettre en place. Discover the method.\" \/>\n<meta property=\"og:url\" content=\"https:\/\/rossana-nutrition.com\/en\/method\/\" \/>\n<meta property=\"og:site_name\" content=\"Rossana Nutrition\" \/>\n<meta property=\"article:modified_time\" content=\"2022-05-31T06:48:03+00:00\" \/>\n<meta property=\"og:image\" content=\"https:\/\/rossana-nutrition.com\/wp-content\/uploads\/2021\/08\/rossana-diet.jpg\" \/>\n<meta name=\"twitter:card\" content=\"summary_large_image\" \/>\n<meta name=\"twitter:label1\" content=\"Est. reading time\" \/>\n\t<meta name=\"twitter:data1\" content=\"2 minutes\" \/>\n<script type=\"application\/ld+json\" class=\"yoast-schema-graph\">{\"@context\":\"https:\\\/\\\/schema.org\",\"@graph\":[{\"@type\":\"WebPage\",\"@id\":\"https:\\\/\\\/rossana-nutrition.com\\\/en\\\/method\\\/\",\"url\":\"https:\\\/\\\/rossana-nutrition.com\\\/en\\\/method\\\/\",\"name\":\"Method and services of your dietitian in Annemasse\",\"isPartOf\":{\"@id\":\"https:\\\/\\\/rossana-nutrition.com\\\/en\\\/#website\"},\"primaryImageOfPage\":{\"@id\":\"https:\\\/\\\/rossana-nutrition.com\\\/en\\\/method\\\/#primaryimage\"},\"image\":{\"@id\":\"https:\\\/\\\/rossana-nutrition.com\\\/en\\\/method\\\/#primaryimage\"},\"thumbnailUrl\":\"https:\\\/\\\/rossana-nutrition.com\\\/wp-content\\\/uploads\\\/2021\\\/08\\\/rossana-diet.jpg\",\"datePublished\":\"2022-05-23T12:01:00+00:00\",\"dateModified\":\"2022-05-31T06:48:03+00:00\",\"description\":\"Rossana ne vous propose pas un r\u00e9gime mais un nouveau style de vie plus sain et facile \u00e0 mettre en place. Discover the method.\",\"breadcrumb\":{\"@id\":\"https:\\\/\\\/rossana-nutrition.com\\\/en\\\/method\\\/#breadcrumb\"},\"inLanguage\":\"en-US\",\"potentialAction\":[{\"@type\":\"ReadAction\",\"target\":[\"https:\\\/\\\/rossana-nutrition.com\\\/en\\\/method\\\/\"]}]},{\"@type\":\"ImageObject\",\"inLanguage\":\"en-US\",\"@id\":\"https:\\\/\\\/rossana-nutrition.com\\\/en\\\/method\\\/#primaryimage\",\"url\":\"https:\\\/\\\/rossana-nutrition.com\\\/wp-content\\\/uploads\\\/2021\\\/08\\\/rossana-diet.jpg\",\"contentUrl\":\"https:\\\/\\\/rossana-nutrition.com\\\/wp-content\\\/uploads\\\/2021\\\/08\\\/rossana-diet.jpg\"},{\"@type\":\"BreadcrumbList\",\"@id\":\"https:\\\/\\\/rossana-nutrition.com\\\/en\\\/method\\\/#breadcrumb\",\"itemListElement\":[{\"@type\":\"ListItem\",\"position\":1,\"name\":\"Accueil\",\"item\":\"https:\\\/\\\/rossana-nutrition.com\\\/en\\\/\"},{\"@type\":\"ListItem\",\"position\":2,\"name\":\"Method\"}]},{\"@type\":\"WebSite\",\"@id\":\"https:\\\/\\\/rossana-nutrition.com\\\/en\\\/#website\",\"url\":\"https:\\\/\\\/rossana-nutrition.com\\\/en\\\/\",\"name\":\"Rossana Nutrition\",\"description\":\"\",\"potentialAction\":[{\"@type\":\"SearchAction\",\"target\":{\"@type\":\"EntryPoint\",\"urlTemplate\":\"https:\\\/\\\/rossana-nutrition.com\\\/en\\\/?s={search_term_string}\"},\"query-input\":{\"@type\":\"PropertyValueSpecification\",\"valueRequired\":true,\"valueName\":\"search_term_string\"}}],\"inLanguage\":\"en-US\"}]}<\/script>\n<!-- \/ Yoast SEO plugin. -->","yoast_head_json":{"title":"Method and services of your dietitian in Annemasse","description":"Rossana ne vous propose pas un r\u00e9gime mais un nouveau style de vie plus sain et facile \u00e0 mettre en place. Discover the method.","robots":{"index":"index","follow":"follow","max-snippet":"max-snippet:-1","max-image-preview":"max-image-preview:large","max-video-preview":"max-video-preview:-1"},"canonical":"https:\/\/rossana-nutrition.com\/en\/method\/","og_locale":"en_US","og_type":"article","og_title":"Method and services of your dietitian in Annemasse","og_description":"Rossana ne vous propose pas un r\u00e9gime mais un nouveau style de vie plus sain et facile \u00e0 mettre en place. Discover the method.","og_url":"https:\/\/rossana-nutrition.com\/en\/method\/","og_site_name":"Rossana Nutrition","article_modified_time":"2022-05-31T06:48:03+00:00","og_image":[{"url":"https:\/\/rossana-nutrition.com\/wp-content\/uploads\/2021\/08\/rossana-diet.jpg","type":"","width":"","height":""}],"twitter_card":"summary_large_image","twitter_misc":{"Est. reading time":"2 minutes"},"schema":{"@context":"https:\/\/schema.org","@graph":[{"@type":"WebPage","@id":"https:\/\/rossana-nutrition.com\/en\/method\/","url":"https:\/\/rossana-nutrition.com\/en\/method\/","name":"Method and services of your dietitian in Annemasse","isPartOf":{"@id":"https:\/\/rossana-nutrition.com\/en\/#website"},"primaryImageOfPage":{"@id":"https:\/\/rossana-nutrition.com\/en\/method\/#primaryimage"},"image":{"@id":"https:\/\/rossana-nutrition.com\/en\/method\/#primaryimage"},"thumbnailUrl":"https:\/\/rossana-nutrition.com\/wp-content\/uploads\/2021\/08\/rossana-diet.jpg","datePublished":"2022-05-23T12:01:00+00:00","dateModified":"2022-05-31T06:48:03+00:00","description":"Rossana ne vous propose pas un r\u00e9gime mais un nouveau style de vie plus sain et facile \u00e0 mettre en place. Discover the method.","breadcrumb":{"@id":"https:\/\/rossana-nutrition.com\/en\/method\/#breadcrumb"},"inLanguage":"en-US","potentialAction":[{"@type":"ReadAction","target":["https:\/\/rossana-nutrition.com\/en\/method\/"]}]},{"@type":"ImageObject","inLanguage":"en-US","@id":"https:\/\/rossana-nutrition.com\/en\/method\/#primaryimage","url":"https:\/\/rossana-nutrition.com\/wp-content\/uploads\/2021\/08\/rossana-diet.jpg","contentUrl":"https:\/\/rossana-nutrition.com\/wp-content\/uploads\/2021\/08\/rossana-diet.jpg"},{"@type":"BreadcrumbList","@id":"https:\/\/rossana-nutrition.com\/en\/method\/#breadcrumb","itemListElement":[{"@type":"ListItem","position":1,"name":"Accueil","item":"https:\/\/rossana-nutrition.com\/en\/"},{"@type":"ListItem","position":2,"name":"Method"}]},{"@type":"WebSite","@id":"https:\/\/rossana-nutrition.com\/en\/#website","url":"https:\/\/rossana-nutrition.com\/en\/","name":"Rossana Nutrition","description":"","potentialAction":[{"@type":"SearchAction","target":{"@type":"EntryPoint","urlTemplate":"https:\/\/rossana-nutrition.com\/en\/?s={search_term_string}"},"query-input":{"@type":"PropertyValueSpecification","valueRequired":true,"valueName":"search_term_string"}}],"inLanguage":"en-US"}]}},"_links":{"self":[{"href":"https:\/\/rossana-nutrition.com\/en\/wp-json\/wp\/v2\/pages\/713","targetHints":{"allow":["GET"]}}],"collection":[{"href":"https:\/\/rossana-nutrition.com\/en\/wp-json\/wp\/v2\/pages"}],"about":[{"href":"https:\/\/rossana-nutrition.com\/en\/wp-json\/wp\/v2\/types\/page"}],"author":[{"embeddable":true,"href":"https:\/\/rossana-nutrition.com\/en\/wp-json\/wp\/v2\/users\/1"}],"replies":[{"embeddable":true,"href":"https:\/\/rossana-nutrition.com\/en\/wp-json\/wp\/v2\/comments?post=713"}],"version-history":[{"count":4,"href":"https:\/\/rossana-nutrition.com\/en\/wp-json\/wp\/v2\/pages\/713\/revisions"}],"predecessor-version":[{"id":749,"href":"https:\/\/rossana-nutrition.com\/en\/wp-json\/wp\/v2\/pages\/713\/revisions\/749"}],"wp:attachment":[{"href":"https:\/\/rossana-nutrition.com\/en\/wp-json\/wp\/v2\/media?parent=713"}],"curies":[{"name":"wp","href":"https:\/\/api.w.org\/{rel}","templated":true}]}}