{"id":726,"date":"2022-05-24T11:09:53","date_gmt":"2022-05-24T09:09:53","guid":{"rendered":"https:\/\/rossana-nutrition.com\/a-proposito\/"},"modified":"2022-05-24T11:09:54","modified_gmt":"2022-05-24T09:09:54","slug":"a-proposito","status":"publish","type":"page","link":"https:\/\/rossana-nutrition.com\/es\/a-proposito\/","title":{"rendered":"A proposito"},"content":{"rendered":"\t\t<div data-elementor-type=\"wp-page\" data-elementor-id=\"726\" class=\"elementor elementor-726 elementor-201\" data-elementor-post-type=\"page\">\n\t\t\t\t\t\t<section class=\"elementor-section elementor-top-section elementor-element elementor-element-67e3b90 elementor-section-height-min-height elementor-section-boxed elementor-section-height-default elementor-section-items-middle\" data-id=\"67e3b90\" data-element_type=\"section\" data-e-type=\"section\" data-settings=\"{&quot;background_background&quot;:&quot;classic&quot;}\">\n\t\t\t\t\t\t\t<div class=\"elementor-background-overlay\"><\/div>\n\t\t\t\t\t\t\t<div class=\"elementor-container elementor-column-gap-default\">\n\t\t\t\t\t<div class=\"elementor-column elementor-col-50 elementor-top-column elementor-element elementor-element-0cf8a39\" data-id=\"0cf8a39\" data-element_type=\"column\" data-e-type=\"column\" data-settings=\"{&quot;background_background&quot;:&quot;classic&quot;}\">\n\t\t\t<div class=\"elementor-widget-wrap elementor-element-populated\">\n\t\t\t\t\t\t<div class=\"elementor-element elementor-element-1658e4f elementor-widget elementor-widget-heading\" data-id=\"1658e4f\" data-element_type=\"widget\" data-e-type=\"widget\" data-widget_type=\"heading.default\">\n\t\t\t\t<div class=\"elementor-widget-container\">\n\t\t\t\t\t<div class=\"elementor-heading-title elementor-size-default\">Soy Rossana<\/div>\t\t\t\t<\/div>\n\t\t\t\t<\/div>\n\t\t\t\t<div class=\"elementor-element elementor-element-12d90a1 elementor-widget elementor-widget-heading\" data-id=\"12d90a1\" data-element_type=\"widget\" data-e-type=\"widget\" data-widget_type=\"heading.default\">\n\t\t\t\t<div class=\"elementor-widget-container\">\n\t\t\t\t\t<div class=\"elementor-heading-title elementor-size-default\">La nutrici\u00f3n es mi profesi\u00f3n, pero sobre todo: \u00a1mi pasi\u00f3n!<\/div>\t\t\t\t<\/div>\n\t\t\t\t<\/div>\n\t\t\t\t<div class=\"elementor-element elementor-element-d3306da elementor-widget elementor-widget-heading\" data-id=\"d3306da\" data-element_type=\"widget\" data-e-type=\"widget\" data-widget_type=\"heading.default\">\n\t\t\t\t<div class=\"elementor-widget-container\">\n\t\t\t\t\t<div class=\"elementor-heading-title elementor-size-default\">Hace m\u00e1s de 10 a\u00f1os la nutrici\u00f3n se convirti\u00f3 en mi verdadera pasi\u00f3n. Mis estudios y mis experiencias en el \u00e1rea de la salud me trajeron hasta aqu\u00ed, y la verdad\u2026 \u00a1es una experiencia<\/div>\t\t\t\t<\/div>\n\t\t\t\t<\/div>\n\t\t\t\t\t<\/div>\n\t\t<\/div>\n\t\t\t\t<div class=\"elementor-column elementor-col-50 elementor-top-column elementor-element elementor-element-6b4f62e\" data-id=\"6b4f62e\" data-element_type=\"column\" data-e-type=\"column\" data-settings=\"{&quot;background_background&quot;:&quot;classic&quot;}\">\n\t\t\t<div class=\"elementor-widget-wrap elementor-element-populated\">\n\t\t\t\t\t\t<div class=\"elementor-element elementor-element-daecbef elementor-widget elementor-widget-image\" data-id=\"daecbef\" data-element_type=\"widget\" data-e-type=\"widget\" data-widget_type=\"image.default\">\n\t\t\t\t<div class=\"elementor-widget-container\">\n\t\t\t\t\t\t\t\t\t\t\t\t\t\t\t<img fetchpriority=\"high\" decoding=\"async\" width=\"519\" height=\"697\" src=\"https:\/\/rossana-nutrition.com\/wp-content\/uploads\/2021\/08\/rossana-diet.jpg\" class=\"attachment-medium_large size-medium_large wp-image-624\" alt=\"\" srcset=\"https:\/\/rossana-nutrition.com\/wp-content\/uploads\/2021\/08\/rossana-diet.jpg 519w, https:\/\/rossana-nutrition.com\/wp-content\/uploads\/2021\/08\/rossana-diet-223x300.jpg 223w\" sizes=\"(max-width: 519px) 100vw, 519px\" \/>\t\t\t\t\t\t\t\t\t\t\t\t\t\t\t<\/div>\n\t\t\t\t<\/div>\n\t\t\t\t\t<\/div>\n\t\t<\/div>\n\t\t\t\t\t<\/div>\n\t\t<\/section>\n\t\t\t\t<section class=\"elementor-section elementor-top-section elementor-element elementor-element-03cf67f elementor-section-boxed elementor-section-height-default elementor-section-height-default\" data-id=\"03cf67f\" data-element_type=\"section\" data-e-type=\"section\">\n\t\t\t\t\t\t<div class=\"elementor-container elementor-column-gap-default\">\n\t\t\t\t\t<div class=\"elementor-column elementor-col-50 elementor-top-column elementor-element elementor-element-14462bd\" data-id=\"14462bd\" data-element_type=\"column\" data-e-type=\"column\">\n\t\t\t<div class=\"elementor-widget-wrap elementor-element-populated\">\n\t\t\t\t\t\t<div class=\"elementor-element elementor-element-619a26e elementor-widget elementor-widget-heading\" data-id=\"619a26e\" data-element_type=\"widget\" data-e-type=\"widget\" data-widget_type=\"heading.default\">\n\t\t\t\t<div class=\"elementor-widget-container\">\n\t\t\t\t\t<h2 class=\"elementor-heading-title elementor-size-default\">Mis estudios<\/h2>\t\t\t\t<\/div>\n\t\t\t\t<\/div>\n\t\t\t\t<div class=\"elementor-element elementor-element-ad7d99b elementor-widget elementor-widget-text-editor\" data-id=\"ad7d99b\" data-element_type=\"widget\" data-e-type=\"widget\" data-widget_type=\"text-editor.default\">\n\t\t\t\t<div class=\"elementor-widget-container\">\n\t\t\t\t\t\t\t\t\t<p>M\u00e9dico cirujano, especialista en nutrici\u00f3n cl\u00ednica (Venezuela).<\/p><p>Diploma de competencias en sobrepeso y obesidad (Espa\u00f1a).<\/p><p>Especializaci\u00f3n en nutrici\u00f3n por las enfermedades cr\u00f3nicas del adulto (Chile).<\/p><p>Diploma de Estado en diet\u00e9tica y nutrici\u00f3n (Francia).<\/p><p>\u2026 y formaciones en diet\u00e9tica psico-comportamental y educaci\u00f3n terap\u00e9utica.<\/p>\t\t\t\t\t\t\t\t<\/div>\n\t\t\t\t<\/div>\n\t\t\t\t<div class=\"elementor-element elementor-element-174d2eb elementor-widget elementor-widget-heading\" data-id=\"174d2eb\" data-element_type=\"widget\" data-e-type=\"widget\" data-widget_type=\"heading.default\">\n\t\t\t\t<div class=\"elementor-widget-container\">\n\t\t\t\t\t<h2 class=\"elementor-heading-title elementor-size-default\">Adem\u00e1s:<\/h2>\t\t\t\t<\/div>\n\t\t\t\t<\/div>\n\t\t\t\t<div class=\"elementor-element elementor-element-936eecb elementor-widget elementor-widget-text-editor\" data-id=\"936eecb\" data-element_type=\"widget\" data-e-type=\"widget\" data-widget_type=\"text-editor.default\">\n\t\t\t\t<div class=\"elementor-widget-container\">\n\t\t\t\t\t\t\t\t\t<p>Me encanta la cocina, el senderismo, la fotograf\u00eda y la m\u00fasica. Vivo mi d\u00eda a d\u00eda en tres idiomas: espa\u00f1ol, franc\u00e9s e ingl\u00e9s\u2026 parece dif\u00edcil, pero resulta ser un punto a favor para mis consultas.<\/p>\t\t\t\t\t\t\t\t<\/div>\n\t\t\t\t<\/div>\n\t\t\t\t<div class=\"elementor-element elementor-element-12f81a3 elementor-mobile-align-center elementor-widget elementor-widget-button\" data-id=\"12f81a3\" data-element_type=\"widget\" data-e-type=\"widget\" data-widget_type=\"button.default\">\n\t\t\t\t<div class=\"elementor-widget-container\">\n\t\t\t\t\t\t\t\t\t<div class=\"elementor-button-wrapper\">\n\t\t\t\t\t<a class=\"elementor-button elementor-button-link elementor-size-sm\" href=\"https:\/\/rossana-nutrition.com\/methode\/\">\n\t\t\t\t\t\t<span class=\"elementor-button-content-wrapper\">\n\t\t\t\t\t\t\t\t\t<span class=\"elementor-button-text\">Mi metodo<\/span>\n\t\t\t\t\t<\/span>\n\t\t\t\t\t<\/a>\n\t\t\t\t<\/div>\n\t\t\t\t\t\t\t\t<\/div>\n\t\t\t\t<\/div>\n\t\t\t\t\t<\/div>\n\t\t<\/div>\n\t\t\t\t<div class=\"elementor-column elementor-col-50 elementor-top-column elementor-element elementor-element-a629a45\" data-id=\"a629a45\" data-element_type=\"column\" data-e-type=\"column\">\n\t\t\t<div class=\"elementor-widget-wrap elementor-element-populated\">\n\t\t\t\t\t\t<div class=\"elementor-element elementor-element-730e9de elementor-widget elementor-widget-image\" data-id=\"730e9de\" data-element_type=\"widget\" data-e-type=\"widget\" data-widget_type=\"image.default\">\n\t\t\t\t<div class=\"elementor-widget-container\">\n\t\t\t\t\t\t\t\t\t\t\t\t\t\t\t<img decoding=\"async\" width=\"365\" height=\"365\" src=\"https:\/\/rossana-nutrition.com\/wp-content\/uploads\/2021\/08\/rossana-nutrition.jpg\" class=\"attachment-large size-large wp-image-664\" alt=\"\" srcset=\"https:\/\/rossana-nutrition.com\/wp-content\/uploads\/2021\/08\/rossana-nutrition.jpg 365w, https:\/\/rossana-nutrition.com\/wp-content\/uploads\/2021\/08\/rossana-nutrition-300x300.jpg 300w, https:\/\/rossana-nutrition.com\/wp-content\/uploads\/2021\/08\/rossana-nutrition-150x150.jpg 150w\" sizes=\"(max-width: 365px) 100vw, 365px\" \/>\t\t\t\t\t\t\t\t\t\t\t\t\t\t\t<\/div>\n\t\t\t\t<\/div>\n\t\t\t\t\t<\/div>\n\t\t<\/div>\n\t\t\t\t\t<\/div>\n\t\t<\/section>\n\t\t\t\t<\/div>\n\t\t","protected":false},"excerpt":{"rendered":"<p>Soy Rossana La nutrici\u00f3n es mi profesi\u00f3n, pero sobre todo: \u00a1mi pasi\u00f3n! Hace m\u00e1s de 10 a\u00f1os la nutrici\u00f3n se convirti\u00f3 en mi verdadera pasi\u00f3n. Mis estudios y mis experiencias en el \u00e1rea de la salud me trajeron hasta aqu\u00ed, y la verdad\u2026 \u00a1es una experiencia Mis estudios M\u00e9dico cirujano, especialista en nutrici\u00f3n cl\u00ednica (Venezuela). [&hellip;]<\/p>\n","protected":false},"author":1,"featured_media":0,"parent":0,"menu_order":0,"comment_status":"closed","ping_status":"closed","template":"","meta":{"footnotes":""},"class_list":["post-726","page","type-page","status-publish","hentry"],"yoast_head":"<!-- This site is optimized with the Yoast SEO plugin v27.5 - https:\/\/yoast.com\/product\/yoast-seo-wordpress\/ -->\n<title>Sobre Rossana, tu dietista en Annemasse<\/title>\n<meta name=\"description\" content=\"Descubra la trayectoria, las especializaciones y las pasiones de Rossana de Jongh Delgado, su dietista en Annemasse.\" \/>\n<meta name=\"robots\" content=\"index, follow, max-snippet:-1, max-image-preview:large, max-video-preview:-1\" \/>\n<link rel=\"canonical\" href=\"https:\/\/rossana-nutrition.com\/es\/a-proposito\/\" \/>\n<meta property=\"og:locale\" content=\"es_ES\" \/>\n<meta property=\"og:type\" content=\"article\" \/>\n<meta property=\"og:title\" content=\"Sobre Rossana, tu dietista en Annemasse\" \/>\n<meta property=\"og:description\" content=\"Descubra la trayectoria, las especializaciones y las pasiones de Rossana de Jongh Delgado, su dietista en Annemasse.\" \/>\n<meta property=\"og:url\" content=\"https:\/\/rossana-nutrition.com\/es\/a-proposito\/\" \/>\n<meta property=\"og:site_name\" content=\"Rossana Nutrition\" \/>\n<meta property=\"article:modified_time\" content=\"2022-05-24T09:09:54+00:00\" \/>\n<meta property=\"og:image\" content=\"https:\/\/rossana-nutrition.com\/wp-content\/uploads\/2021\/08\/rossana-diet.jpg\" \/>\n<meta name=\"twitter:card\" content=\"summary_large_image\" \/>\n<meta name=\"twitter:label1\" content=\"Tiempo de lectura\" \/>\n\t<meta name=\"twitter:data1\" content=\"1 minuto\" \/>\n<script type=\"application\/ld+json\" class=\"yoast-schema-graph\">{\"@context\":\"https:\\\/\\\/schema.org\",\"@graph\":[{\"@type\":\"WebPage\",\"@id\":\"https:\\\/\\\/rossana-nutrition.com\\\/es\\\/a-proposito\\\/\",\"url\":\"https:\\\/\\\/rossana-nutrition.com\\\/es\\\/a-proposito\\\/\",\"name\":\"Sobre Rossana, tu dietista en Annemasse\",\"isPartOf\":{\"@id\":\"https:\\\/\\\/rossana-nutrition.com\\\/es\\\/#website\"},\"primaryImageOfPage\":{\"@id\":\"https:\\\/\\\/rossana-nutrition.com\\\/es\\\/a-proposito\\\/#primaryimage\"},\"image\":{\"@id\":\"https:\\\/\\\/rossana-nutrition.com\\\/es\\\/a-proposito\\\/#primaryimage\"},\"thumbnailUrl\":\"https:\\\/\\\/rossana-nutrition.com\\\/wp-content\\\/uploads\\\/2021\\\/08\\\/rossana-diet.jpg\",\"datePublished\":\"2022-05-24T09:09:53+00:00\",\"dateModified\":\"2022-05-24T09:09:54+00:00\",\"description\":\"Descubra la trayectoria, las especializaciones y las pasiones de Rossana de Jongh Delgado, su dietista en Annemasse.\",\"breadcrumb\":{\"@id\":\"https:\\\/\\\/rossana-nutrition.com\\\/es\\\/a-proposito\\\/#breadcrumb\"},\"inLanguage\":\"es\",\"potentialAction\":[{\"@type\":\"ReadAction\",\"target\":[\"https:\\\/\\\/rossana-nutrition.com\\\/es\\\/a-proposito\\\/\"]}]},{\"@type\":\"ImageObject\",\"inLanguage\":\"es\",\"@id\":\"https:\\\/\\\/rossana-nutrition.com\\\/es\\\/a-proposito\\\/#primaryimage\",\"url\":\"https:\\\/\\\/rossana-nutrition.com\\\/wp-content\\\/uploads\\\/2021\\\/08\\\/rossana-diet.jpg\",\"contentUrl\":\"https:\\\/\\\/rossana-nutrition.com\\\/wp-content\\\/uploads\\\/2021\\\/08\\\/rossana-diet.jpg\"},{\"@type\":\"BreadcrumbList\",\"@id\":\"https:\\\/\\\/rossana-nutrition.com\\\/es\\\/a-proposito\\\/#breadcrumb\",\"itemListElement\":[{\"@type\":\"ListItem\",\"position\":1,\"name\":\"Accueil\",\"item\":\"https:\\\/\\\/rossana-nutrition.com\\\/es\\\/\"},{\"@type\":\"ListItem\",\"position\":2,\"name\":\"A proposito\"}]},{\"@type\":\"WebSite\",\"@id\":\"https:\\\/\\\/rossana-nutrition.com\\\/es\\\/#website\",\"url\":\"https:\\\/\\\/rossana-nutrition.com\\\/es\\\/\",\"name\":\"Rossana Nutrition\",\"description\":\"\",\"potentialAction\":[{\"@type\":\"SearchAction\",\"target\":{\"@type\":\"EntryPoint\",\"urlTemplate\":\"https:\\\/\\\/rossana-nutrition.com\\\/es\\\/?s={search_term_string}\"},\"query-input\":{\"@type\":\"PropertyValueSpecification\",\"valueRequired\":true,\"valueName\":\"search_term_string\"}}],\"inLanguage\":\"es\"}]}<\/script>\n<!-- \/ Yoast SEO plugin. -->","yoast_head_json":{"title":"Sobre Rossana, tu dietista en Annemasse","description":"Descubra la trayectoria, las especializaciones y las pasiones de Rossana de Jongh Delgado, su dietista en Annemasse.","robots":{"index":"index","follow":"follow","max-snippet":"max-snippet:-1","max-image-preview":"max-image-preview:large","max-video-preview":"max-video-preview:-1"},"canonical":"https:\/\/rossana-nutrition.com\/es\/a-proposito\/","og_locale":"es_ES","og_type":"article","og_title":"Sobre Rossana, tu dietista en Annemasse","og_description":"Descubra la trayectoria, las especializaciones y las pasiones de Rossana de Jongh Delgado, su dietista en Annemasse.","og_url":"https:\/\/rossana-nutrition.com\/es\/a-proposito\/","og_site_name":"Rossana Nutrition","article_modified_time":"2022-05-24T09:09:54+00:00","og_image":[{"url":"https:\/\/rossana-nutrition.com\/wp-content\/uploads\/2021\/08\/rossana-diet.jpg","type":"","width":"","height":""}],"twitter_card":"summary_large_image","twitter_misc":{"Tiempo de lectura":"1 minuto"},"schema":{"@context":"https:\/\/schema.org","@graph":[{"@type":"WebPage","@id":"https:\/\/rossana-nutrition.com\/es\/a-proposito\/","url":"https:\/\/rossana-nutrition.com\/es\/a-proposito\/","name":"Sobre Rossana, tu dietista en Annemasse","isPartOf":{"@id":"https:\/\/rossana-nutrition.com\/es\/#website"},"primaryImageOfPage":{"@id":"https:\/\/rossana-nutrition.com\/es\/a-proposito\/#primaryimage"},"image":{"@id":"https:\/\/rossana-nutrition.com\/es\/a-proposito\/#primaryimage"},"thumbnailUrl":"https:\/\/rossana-nutrition.com\/wp-content\/uploads\/2021\/08\/rossana-diet.jpg","datePublished":"2022-05-24T09:09:53+00:00","dateModified":"2022-05-24T09:09:54+00:00","description":"Descubra la trayectoria, las especializaciones y las pasiones de Rossana de Jongh Delgado, su dietista en Annemasse.","breadcrumb":{"@id":"https:\/\/rossana-nutrition.com\/es\/a-proposito\/#breadcrumb"},"inLanguage":"es","potentialAction":[{"@type":"ReadAction","target":["https:\/\/rossana-nutrition.com\/es\/a-proposito\/"]}]},{"@type":"ImageObject","inLanguage":"es","@id":"https:\/\/rossana-nutrition.com\/es\/a-proposito\/#primaryimage","url":"https:\/\/rossana-nutrition.com\/wp-content\/uploads\/2021\/08\/rossana-diet.jpg","contentUrl":"https:\/\/rossana-nutrition.com\/wp-content\/uploads\/2021\/08\/rossana-diet.jpg"},{"@type":"BreadcrumbList","@id":"https:\/\/rossana-nutrition.com\/es\/a-proposito\/#breadcrumb","itemListElement":[{"@type":"ListItem","position":1,"name":"Accueil","item":"https:\/\/rossana-nutrition.com\/es\/"},{"@type":"ListItem","position":2,"name":"A proposito"}]},{"@type":"WebSite","@id":"https:\/\/rossana-nutrition.com\/es\/#website","url":"https:\/\/rossana-nutrition.com\/es\/","name":"Rossana Nutrition","description":"","potentialAction":[{"@type":"SearchAction","target":{"@type":"EntryPoint","urlTemplate":"https:\/\/rossana-nutrition.com\/es\/?s={search_term_string}"},"query-input":{"@type":"PropertyValueSpecification","valueRequired":true,"valueName":"search_term_string"}}],"inLanguage":"es"}]}},"_links":{"self":[{"href":"https:\/\/rossana-nutrition.com\/es\/wp-json\/wp\/v2\/pages\/726","targetHints":{"allow":["GET"]}}],"collection":[{"href":"https:\/\/rossana-nutrition.com\/es\/wp-json\/wp\/v2\/pages"}],"about":[{"href":"https:\/\/rossana-nutrition.com\/es\/wp-json\/wp\/v2\/types\/page"}],"author":[{"embeddable":true,"href":"https:\/\/rossana-nutrition.com\/es\/wp-json\/wp\/v2\/users\/1"}],"replies":[{"embeddable":true,"href":"https:\/\/rossana-nutrition.com\/es\/wp-json\/wp\/v2\/comments?post=726"}],"version-history":[{"count":1,"href":"https:\/\/rossana-nutrition.com\/es\/wp-json\/wp\/v2\/pages\/726\/revisions"}],"predecessor-version":[{"id":727,"href":"https:\/\/rossana-nutrition.com\/es\/wp-json\/wp\/v2\/pages\/726\/revisions\/727"}],"wp:attachment":[{"href":"https:\/\/rossana-nutrition.com\/es\/wp-json\/wp\/v2\/media?parent=726"}],"curies":[{"name":"wp","href":"https:\/\/api.w.org\/{rel}","templated":true}]}}